{"id":15878,"date":"2019-07-08T17:51:15","date_gmt":"2019-07-08T15:51:15","guid":{"rendered":"http:\/\/fokdalspringvand.dk\/?page_id=15878"},"modified":"2026-03-12T10:13:35","modified_gmt":"2026-03-12T09:13:35","slug":"drikkefontaener","status":"publish","type":"page","link":"https:\/\/fokdalspringvand.dk\/de\/drikkefontaener\/","title":{"rendered":"Trinkbrunnen"},"content":{"rendered":"<div class=\"wpb-content-wrapper\"><div class=\"wpb_row vc_row-fluid standard-section section  section-no-parallax  stretch\" data-speed=\"1\" style=\"\"><div class=\"col span_12 color-dark left\">\n\t<div class=\"vc_col-sm-12 wpb_column column_container col no-padding color-dark\" style=\"\" data-animation=\"\" data-delay=\"\">\n\t\t<div class=\"wpb_wrapper\">\n\t\t\t\n\t<div class=\"wpb_text_column wpb_content_element\" >\n\t\t<div class=\"wpb_wrapper\">\n\t\t\t<h3>Funktionelles Design<\/h3>\n<p>Der frostsichere Trinkbrunnen f\u00fcr den Au\u00dfenbereich wurde f\u00fcr z.B. \u00f6ffentliche Stadtr\u00e4ume, Schulh\u00f6fe, Laufstrecken und Sportanlagen entwickelt. Der Trinkbrunnen besteht aus Edelstahl und wird \u00fcber einen seitlichen Bewegungssensor bedient, was f\u00fcr eine gute Hygiene sorgt, da Sie den Brunnen nicht ber\u00fchren. Durch das Design ist es einfach, direkt aus dem Brunnen zu trinken oder eine Flasche mit Wasser zu f\u00fcllen. Der Trinkbrunnen ist so hoch, dass sowohl Kinder als auch Erwachsene und Rollstuhlfahrer ihn nutzen k\u00f6nnen. Es besteht die M\u00f6glichkeit, Werbefolie am Trinkbrunnen anzubringen.<\/p>\n<h3>D\u00e4nisches Design<\/h3>\n<p>Der Trinkbrunnen von Fokdal Springvand ist ein sehr stilvolles d\u00e4nisches Design, das in Zusammenarbeit mit der d\u00e4nischen Industriedesignerin und Architektin Hanne Dalsgaard entwickelt wurde. Dabei wird Wert auf ein leichtes und modernes Erscheinungsbild sowie Funktionalit\u00e4t gelegt.<\/p>\n<hr \/>\n<h3>Erfahren Sie mehr \u00fcber Trinkbrunnen<\/h3>\n<p>Haben Sie Fragen zu Funktionalit\u00e4t, Preisen, Sortiment und Referenzen? Nehmen sie schon heute mit uns Kontakt auf.<\/p>\n<p>Unser Vertriebs- und Supportpartner ist Aquadona GmbH mit Sitz in Deutschland.<\/p>\n<p>Bitte wenden Sie sich bei Anfragen direkt an unseren Partner.<\/p>\n<p>E-Mail:\u00a0<a href=\"mailto:service@aquadona.com\">service@aquadona.com<\/a><\/p>\n<p>Tel.: 030 2359 887 04<\/p>\n<p>Webseite:\u00a0<a href=\"http:\/\/www.aquadona.com\/\">www.aquadona.com<\/a><\/p>\n\n\t\t<\/div>\n\t<\/div>\n\n\t\t<\/div> \n\t<\/div> \n<\/div><\/div><div  class=\"wpb_row vc_row-fluid standard-section section  section-no-parallax  stretch\" data-speed=\"1\" style=\"\"><div class=\"col span_12 color-dark left\">\n\t<div class=\"vc_col-sm-12 wpb_column column_container col no-padding color-dark\" style=\"\" data-animation=\"\" data-delay=\"\">\n\t\t<div class=\"wpb_wrapper\">\n\t\t\t<div class=\"spacer\" style=\"height: 40px;\"><\/div>\n\t\t<\/div> \n\t<\/div> \n<\/div><\/div><div  class=\"wpb_row vc_row-fluid standard-section section  section-no-parallax  stretch\" data-speed=\"1\" style=\"\"><div class=\"col span_12 color-dark left\">\n\t<div class=\"vc_col-sm-2 wpb_column column_container col no-padding color-dark\" style=\"\" data-animation=\"\" data-delay=\"\">\n\t\t<div class=\"wpb_wrapper\">\n\t\t\t<div class=\"single_image wpb_content_element align-left\" data-animation=\"none\" data-delay=\"0\"><img loading=\"lazy\" decoding=\"async\" width=\"1134\" height=\"1514\" src=\"https:\/\/fokdalspringvand.dk\/wp-content\/uploads\/2026\/03\/Randers_2.jpg\" class=\"attachment-full\" alt=\"\" title=\"Randers_2\" srcset=\"https:\/\/fokdalspringvand.dk\/wp-content\/uploads\/2026\/03\/Randers_2.jpg 1134w, https:\/\/fokdalspringvand.dk\/wp-content\/uploads\/2026\/03\/Randers_2-225x300.jpg 225w, https:\/\/fokdalspringvand.dk\/wp-content\/uploads\/2026\/03\/Randers_2-767x1024.jpg 767w, https:\/\/fokdalspringvand.dk\/wp-content\/uploads\/2026\/03\/Randers_2-768x1025.jpg 768w, https:\/\/fokdalspringvand.dk\/wp-content\/uploads\/2026\/03\/Randers_2-9x12.jpg 9w\" sizes=\"auto, (max-width: 1134px) 100vw, 1134px\" \/><\/div>\n\t\t<\/div> \n\t<\/div> \n\n\t<div class=\"vc_col-sm-2 wpb_column column_container col no-padding color-dark\" style=\"\" data-animation=\"\" data-delay=\"\">\n\t\t<div class=\"wpb_wrapper\">\n\t\t\t<div class=\"single_image wpb_content_element align-left\" data-animation=\"none\" data-delay=\"0\"><img loading=\"lazy\" decoding=\"async\" width=\"1329\" height=\"1754\" src=\"https:\/\/fokdalspringvand.dk\/wp-content\/uploads\/2023\/01\/Sensorstyret-drikkefontaene_-1.jpg\" class=\"attachment-full\" alt=\"\" title=\"Sensorstyret drikkefont\u00e6ne_\" srcset=\"https:\/\/fokdalspringvand.dk\/wp-content\/uploads\/2023\/01\/Sensorstyret-drikkefontaene_-1.jpg 1329w, https:\/\/fokdalspringvand.dk\/wp-content\/uploads\/2023\/01\/Sensorstyret-drikkefontaene_-1-227x300.jpg 227w, https:\/\/fokdalspringvand.dk\/wp-content\/uploads\/2023\/01\/Sensorstyret-drikkefontaene_-1-776x1024.jpg 776w, https:\/\/fokdalspringvand.dk\/wp-content\/uploads\/2023\/01\/Sensorstyret-drikkefontaene_-1-768x1014.jpg 768w, https:\/\/fokdalspringvand.dk\/wp-content\/uploads\/2023\/01\/Sensorstyret-drikkefontaene_-1-1164x1536.jpg 1164w, https:\/\/fokdalspringvand.dk\/wp-content\/uploads\/2023\/01\/Sensorstyret-drikkefontaene_-1-9x12.jpg 9w\" sizes=\"auto, (max-width: 1329px) 100vw, 1329px\" \/><\/div>\n\t\t<\/div> \n\t<\/div> \n\n\t<div class=\"vc_col-sm-2 wpb_column column_container col no-padding color-dark\" style=\"\" data-animation=\"\" data-delay=\"\">\n\t\t<div class=\"wpb_wrapper\">\n\t\t\t<div class=\"single_image wpb_content_element align-left\" data-animation=\"none\" data-delay=\"0\"><img loading=\"lazy\" decoding=\"async\" width=\"360\" height=\"480\" src=\"https:\/\/fokdalspringvand.dk\/wp-content\/uploads\/2023\/12\/IMG_1018.jpg\" class=\"attachment-full\" alt=\"\" title=\"Trinkwasserbrunnen\" srcset=\"https:\/\/fokdalspringvand.dk\/wp-content\/uploads\/2023\/12\/IMG_1018.jpg 360w, https:\/\/fokdalspringvand.dk\/wp-content\/uploads\/2023\/12\/IMG_1018-225x300.jpg 225w, https:\/\/fokdalspringvand.dk\/wp-content\/uploads\/2023\/12\/IMG_1018-9x12.jpg 9w\" sizes=\"auto, (max-width: 360px) 100vw, 360px\" \/><\/div>\n\t\t<\/div> \n\t<\/div> \n\n\t<div class=\"vc_col-sm-2 wpb_column column_container col no-padding color-dark\" style=\"\" data-animation=\"\" data-delay=\"\">\n\t\t<div class=\"wpb_wrapper\">\n\t\t\t<div class=\"single_image wpb_content_element align-left\" data-animation=\"none\" data-delay=\"0\"><img loading=\"lazy\" decoding=\"async\" width=\"1920\" height=\"2560\" src=\"https:\/\/fokdalspringvand.dk\/wp-content\/uploads\/2023\/12\/5.-scaled.jpg\" class=\"attachment-full\" alt=\"\" title=\"Drikkefont\u00e6ne p\u00e5 messe\" srcset=\"https:\/\/fokdalspringvand.dk\/wp-content\/uploads\/2023\/12\/5.-scaled.jpg 1920w, https:\/\/fokdalspringvand.dk\/wp-content\/uploads\/2023\/12\/5.-225x300.jpg 225w, https:\/\/fokdalspringvand.dk\/wp-content\/uploads\/2023\/12\/5.-768x1024.jpg 768w, https:\/\/fokdalspringvand.dk\/wp-content\/uploads\/2023\/12\/5.-1152x1536.jpg 1152w, https:\/\/fokdalspringvand.dk\/wp-content\/uploads\/2023\/12\/5.-1536x2048.jpg 1536w, https:\/\/fokdalspringvand.dk\/wp-content\/uploads\/2023\/12\/5.-9x12.jpg 9w\" sizes=\"auto, (max-width: 1920px) 100vw, 1920px\" \/><\/div>\n\t\t<\/div> \n\t<\/div> \n\n\t<div class=\"vc_col-sm-2 wpb_column column_container col no-padding color-dark\" style=\"\" data-animation=\"\" data-delay=\"\">\n\t\t<div class=\"wpb_wrapper\">\n\t\t\t<div class=\"single_image wpb_content_element align-left\" data-animation=\"none\" data-delay=\"0\"><img loading=\"lazy\" decoding=\"async\" width=\"240\" height=\"320\" src=\"https:\/\/fokdalspringvand.dk\/wp-content\/uploads\/2023\/12\/IMG_1015.jpg\" class=\"attachment-full\" alt=\"\" title=\"Trinkwasserbrunnen\" srcset=\"https:\/\/fokdalspringvand.dk\/wp-content\/uploads\/2023\/12\/IMG_1015.jpg 240w, https:\/\/fokdalspringvand.dk\/wp-content\/uploads\/2023\/12\/IMG_1015-225x300.jpg 225w, https:\/\/fokdalspringvand.dk\/wp-content\/uploads\/2023\/12\/IMG_1015-9x12.jpg 9w\" sizes=\"auto, (max-width: 240px) 100vw, 240px\" \/><\/div>\n\t\t<\/div> \n\t<\/div> \n<\/div><\/div>\n<\/div>","protected":false},"excerpt":{"rendered":"Funktionelles Design Der frostsichere Trinkbrunnen f\u00fcr den Au\u00dfenbereich wurde f\u00fcr z.B. \u00f6ffentliche Stadtr\u00e4ume, Schulh\u00f6fe, Laufstrecken und Sportanlagen entwickelt. Der Trinkbrunnen besteht aus Edelstahl und wird \u00fcber einen seitlichen Bewegungssensor bedient, was f\u00fcr eine gute Hygiene sorgt, da Sie den Brunnen nicht ber\u00fchren. Durch das Design ist es einfach, direkt aus dem Brunnen zu trinken oder eine Flasche mit Wasser zu f\u00fcllen. Der Trinkbrunnen ist so hoch, dass sowohl Kinder als auch Erwachsene und Rollstuhlfahrer ihn nutzen k\u00f6nnen. Es besteht die M\u00f6glichkeit, Werbefolie am Trinkbrunnen anzubringen. D\u00e4nisches Design Der Trinkbrunnen von Fokdal Springvand ist ein sehr stilvolles d\u00e4nisches Design, das in Zusammenarbeit mit der d\u00e4nischen Industriedesignerin und Architektin Hanne Dalsgaard entwickelt wurde. Dabei wird Wert auf ein leichtes und modernes Erscheinungsbild sowie Funktionalit\u00e4t gelegt. Erfahren Sie mehr \u00fcber Trinkbrunnen Haben Sie Fragen zu Funktionalit\u00e4t, Preisen, Sortiment und Referenzen? Nehmen sie schon heute mit uns Kontakt auf. Unser Vertriebs- und Supportpartner ist Aquadona GmbH mit Sitz in Deutschland. Bitte wenden Sie sich bei Anfragen direkt an unseren Partner. E-Mail:\u00a0service@aquadona.com Tel.: 030 2359 887 04 Webseite:\u00a0www.aquadona.com","protected":false},"author":1,"featured_media":16226,"parent":0,"menu_order":0,"comment_status":"closed","ping_status":"closed","template":"","meta":{"footnotes":""},"class_list":["post-15878","page","type-page","status-publish","has-post-thumbnail","hentry"],"_links":{"self":[{"href":"https:\/\/fokdalspringvand.dk\/de\/wp-json\/wp\/v2\/pages\/15878","targetHints":{"allow":["GET"]}}],"collection":[{"href":"https:\/\/fokdalspringvand.dk\/de\/wp-json\/wp\/v2\/pages"}],"about":[{"href":"https:\/\/fokdalspringvand.dk\/de\/wp-json\/wp\/v2\/types\/page"}],"author":[{"embeddable":true,"href":"https:\/\/fokdalspringvand.dk\/de\/wp-json\/wp\/v2\/users\/1"}],"replies":[{"embeddable":true,"href":"https:\/\/fokdalspringvand.dk\/de\/wp-json\/wp\/v2\/comments?post=15878"}],"version-history":[{"count":60,"href":"https:\/\/fokdalspringvand.dk\/de\/wp-json\/wp\/v2\/pages\/15878\/revisions"}],"predecessor-version":[{"id":16970,"href":"https:\/\/fokdalspringvand.dk\/de\/wp-json\/wp\/v2\/pages\/15878\/revisions\/16970"}],"wp:featuredmedia":[{"embeddable":true,"href":"https:\/\/fokdalspringvand.dk\/de\/wp-json\/wp\/v2\/media\/16226"}],"wp:attachment":[{"href":"https:\/\/fokdalspringvand.dk\/de\/wp-json\/wp\/v2\/media?parent=15878"}],"curies":[{"name":"wp","href":"https:\/\/api.w.org\/{rel}","templated":true}]}}